{"id":169,"date":"2024-08-06T14:32:48","date_gmt":"2024-08-06T12:32:48","guid":{"rendered":"https:\/\/weingarten1897.de\/nl\/?page_id=169"},"modified":"2024-12-05T07:34:28","modified_gmt":"2024-12-05T06:34:28","slug":"opdruk","status":"publish","type":"page","link":"https:\/\/weingarten1897.de\/nl\/opdruk\/","title":{"rendered":"Impressum"},"content":{"rendered":"<p>[et_pb_section fb_built=&#8221;1&#8243; _builder_version=&#8221;4.27.0&#8243; _module_preset=&#8221;default&#8221; global_colors_info=&#8221;{}&#8221;][et_pb_row _builder_version=&#8221;4.27.0&#8243; _module_preset=&#8221;default&#8221; global_colors_info=&#8221;{}&#8221;][et_pb_column type=&#8221;4_4&#8243; _builder_version=&#8221;4.27.0&#8243; _module_preset=&#8221;default&#8221; global_colors_info=&#8221;{}&#8221;][et_pb_text _builder_version=&#8221;4.27.4&#8243; _module_preset=&#8221;default&#8221; hover_enabled=&#8221;0&#8243; global_colors_info=&#8221;{}&#8221; sticky_enabled=&#8221;0&#8243;]<\/p>\n<h1>Impressum<\/h1>\n<h2 style=\"font-weight: 400;\">Verantwortlich nach \u00a7 5 DDG<\/h2>\n<p style=\"font-weight: 400;\">kratz hospitality<br \/>Pinienstra\u00dfe 2<br \/>40233 D\u00fcsseldorf<br \/>Duitsland<\/p>\n<h3 style=\"font-weight: 400;\">Gesch\u00e4ftsf\u00fchrer:<\/h3>\n<p style=\"font-weight: 400;\">Herr Markus Kratz<\/p>\n<h3 style=\"font-weight: 400;\"><span>Kontakt<\/span><\/h3>\n<p style=\"font-weight: 400;\"><span>Telefoon: +49 (0)211 695018 50<br \/><\/span><span>Fax: +49 (0)211 695018 69<br \/><\/span>E-mail: info@weingarten1897.de<\/p>\n<h3 style=\"font-weight: 400;\">UST-ID<br \/>DE290676869<span>\u00a0<\/span><\/h3>\n<h3 style=\"font-weight: 400;\">Design &amp; Programmierung<\/h3>\n<p style=\"font-weight: 400;\">kplus konzept GmbH<br \/>Stoffeler Str.14<br \/>Hofgeb\u00e4ude<br \/>40227 D\u00fcsseldorf<br \/>Duitsland<\/p>\n<h2>Streitschlichtung<\/h2>\n<p>Die Europ\u00e4ische Kommission stellt eine Plattform zur Online-Streitbeilegung (OS) bereit:<br \/>https:\/\/ec.europa.eu\/consumers\/odr.<br \/>Unsere E-Mail-Adresse finden Sie oben im Impressum.<\/p>\n<p>Wir sind nicht bereit oder verpflichtet, an Streitbeilegungsverfahren vor einer Verbraucherschlichtungsstelle teilzunehmen.<\/p>\n<p>[\/et_pb_text][\/et_pb_column][\/et_pb_row][\/et_pb_section]<\/p>\n","protected":false},"excerpt":{"rendered":"<p>Impressum Verantwortlich nach \u00a7 5 DDG kratz hospitalityPinienstra\u00dfe 240233 D\u00fcsseldorfDuitsland Gesch\u00e4ftsf\u00fchrer: Herr Markus Kratz Kontakt Telefoon: +49 (0)211 695018 50Fax: +49 (0)211 695018 69E-mail: info@weingarten1897.de UST-IDDE290676869\u00a0 Design &amp; Programmierung kplus konzept GmbHStoffeler Str.14Hofgeb\u00e4ude40227 D\u00fcsseldorfDuitsland Streitschlichtung Die Europ\u00e4ische Kommission stellt eine Plattform zur Online-Streitbeilegung (OS) bereit:https:\/\/ec.europa.eu\/consumers\/odr.Unsere E-Mail-Adresse finden Sie oben im Impressum. Wir sind nicht bereit [&hellip;]<\/p>\n","protected":false},"author":1,"featured_media":0,"parent":0,"menu_order":0,"comment_status":"closed","ping_status":"closed","template":"","meta":{"_acf_changed":false,"_et_pb_use_builder":"on","_et_pb_old_content":"","_et_gb_content_width":"","footnotes":""},"dipi_cpt_category":[],"class_list":["post-169","page","type-page","status-publish","hentry"],"acf":[],"yoast_head":"<!-- This site is optimized with the Yoast SEO plugin v27.4 - https:\/\/yoast.com\/product\/yoast-seo-wordpress\/ -->\n<title>Impressum - Weingarten 1897<\/title>\n<meta name=\"robots\" content=\"index, follow, max-snippet:-1, max-image-preview:large, max-video-preview:-1\" \/>\n<link rel=\"canonical\" href=\"https:\/\/weingarten1897.de\/nl\/opdruk\/\" \/>\n<meta property=\"og:locale\" content=\"nl_NL\" \/>\n<meta property=\"og:type\" content=\"article\" \/>\n<meta property=\"og:title\" content=\"Impressum - Weingarten 1897\" \/>\n<meta property=\"og:description\" content=\"Impressum Verantwortlich nach \u00a7 5 DDG kratz hospitalityPinienstra\u00dfe 240233 D\u00fcsseldorfDuitsland Gesch\u00e4ftsf\u00fchrer: Herr Markus Kratz Kontakt Telefoon: +49 (0)211 695018 50Fax: +49 (0)211 695018 69E-mail: info@weingarten1897.de UST-IDDE290676869\u00a0 Design &amp; Programmierung kplus konzept GmbHStoffeler Str.14Hofgeb\u00e4ude40227 D\u00fcsseldorfDuitsland Streitschlichtung Die Europ\u00e4ische Kommission stellt eine Plattform zur Online-Streitbeilegung (OS) bereit:https:\/\/ec.europa.eu\/consumers\/odr.Unsere E-Mail-Adresse finden Sie oben im Impressum. Wir sind nicht bereit [&hellip;]\" \/>\n<meta property=\"og:url\" content=\"https:\/\/weingarten1897.de\/nl\/opdruk\/\" \/>\n<meta property=\"og:site_name\" content=\"Weingarten 1897\" \/>\n<meta property=\"article:modified_time\" content=\"2024-12-05T06:34:28+00:00\" \/>\n<meta name=\"twitter:card\" content=\"summary_large_image\" \/>\n<meta name=\"twitter:label1\" content=\"Geschatte leestijd\" \/>\n\t<meta name=\"twitter:data1\" content=\"1 minuut\" \/>\n<script type=\"application\/ld+json\" class=\"yoast-schema-graph\">{\"@context\":\"https:\\\/\\\/schema.org\",\"@graph\":[{\"@type\":\"WebPage\",\"@id\":\"https:\\\/\\\/weingarten1897.de\\\/nl\\\/opdruk\\\/\",\"url\":\"https:\\\/\\\/weingarten1897.de\\\/nl\\\/opdruk\\\/\",\"name\":\"Impressum - Weingarten 1897\",\"isPartOf\":{\"@id\":\"https:\\\/\\\/weingarten1897.de\\\/nl\\\/#website\"},\"datePublished\":\"2024-08-06T12:32:48+00:00\",\"dateModified\":\"2024-12-05T06:34:28+00:00\",\"breadcrumb\":{\"@id\":\"https:\\\/\\\/weingarten1897.de\\\/nl\\\/opdruk\\\/#breadcrumb\"},\"inLanguage\":\"nl-NL\",\"potentialAction\":[{\"@type\":\"ReadAction\",\"target\":[\"https:\\\/\\\/weingarten1897.de\\\/nl\\\/opdruk\\\/\"]}]},{\"@type\":\"BreadcrumbList\",\"@id\":\"https:\\\/\\\/weingarten1897.de\\\/nl\\\/opdruk\\\/#breadcrumb\",\"itemListElement\":[{\"@type\":\"ListItem\",\"position\":1,\"name\":\"Startseite\",\"item\":\"https:\\\/\\\/weingarten1897.de\\\/nl\\\/\"},{\"@type\":\"ListItem\",\"position\":2,\"name\":\"Impressum\"}]},{\"@type\":\"WebSite\",\"@id\":\"https:\\\/\\\/weingarten1897.de\\\/nl\\\/#website\",\"url\":\"https:\\\/\\\/weingarten1897.de\\\/nl\\\/\",\"name\":\"Weingarten 1897\",\"description\":\"Einzigartige Ferienwohnungen an der Mosel\",\"potentialAction\":[{\"@type\":\"SearchAction\",\"target\":{\"@type\":\"EntryPoint\",\"urlTemplate\":\"https:\\\/\\\/weingarten1897.de\\\/nl\\\/?s={search_term_string}\"},\"query-input\":{\"@type\":\"PropertyValueSpecification\",\"valueRequired\":true,\"valueName\":\"search_term_string\"}}],\"inLanguage\":\"nl-NL\"}]}<\/script>\n<!-- \/ Yoast SEO plugin. -->","yoast_head_json":{"title":"Impressum - Weingarten 1897","robots":{"index":"index","follow":"follow","max-snippet":"max-snippet:-1","max-image-preview":"max-image-preview:large","max-video-preview":"max-video-preview:-1"},"canonical":"https:\/\/weingarten1897.de\/nl\/opdruk\/","og_locale":"nl_NL","og_type":"article","og_title":"Impressum - Weingarten 1897","og_description":"Impressum Verantwortlich nach \u00a7 5 DDG kratz hospitalityPinienstra\u00dfe 240233 D\u00fcsseldorfDuitsland Gesch\u00e4ftsf\u00fchrer: Herr Markus Kratz Kontakt Telefoon: +49 (0)211 695018 50Fax: +49 (0)211 695018 69E-mail: info@weingarten1897.de UST-IDDE290676869\u00a0 Design &amp; Programmierung kplus konzept GmbHStoffeler Str.14Hofgeb\u00e4ude40227 D\u00fcsseldorfDuitsland Streitschlichtung Die Europ\u00e4ische Kommission stellt eine Plattform zur Online-Streitbeilegung (OS) bereit:https:\/\/ec.europa.eu\/consumers\/odr.Unsere E-Mail-Adresse finden Sie oben im Impressum. Wir sind nicht bereit [&hellip;]","og_url":"https:\/\/weingarten1897.de\/nl\/opdruk\/","og_site_name":"Weingarten 1897","article_modified_time":"2024-12-05T06:34:28+00:00","twitter_card":"summary_large_image","twitter_misc":{"Geschatte leestijd":"1 minuut"},"schema":{"@context":"https:\/\/schema.org","@graph":[{"@type":"WebPage","@id":"https:\/\/weingarten1897.de\/nl\/opdruk\/","url":"https:\/\/weingarten1897.de\/nl\/opdruk\/","name":"Impressum - Weingarten 1897","isPartOf":{"@id":"https:\/\/weingarten1897.de\/nl\/#website"},"datePublished":"2024-08-06T12:32:48+00:00","dateModified":"2024-12-05T06:34:28+00:00","breadcrumb":{"@id":"https:\/\/weingarten1897.de\/nl\/opdruk\/#breadcrumb"},"inLanguage":"nl-NL","potentialAction":[{"@type":"ReadAction","target":["https:\/\/weingarten1897.de\/nl\/opdruk\/"]}]},{"@type":"BreadcrumbList","@id":"https:\/\/weingarten1897.de\/nl\/opdruk\/#breadcrumb","itemListElement":[{"@type":"ListItem","position":1,"name":"Startseite","item":"https:\/\/weingarten1897.de\/nl\/"},{"@type":"ListItem","position":2,"name":"Impressum"}]},{"@type":"WebSite","@id":"https:\/\/weingarten1897.de\/nl\/#website","url":"https:\/\/weingarten1897.de\/nl\/","name":"Weingarten 1897","description":"Einzigartige Ferienwohnungen an der Mosel","potentialAction":[{"@type":"SearchAction","target":{"@type":"EntryPoint","urlTemplate":"https:\/\/weingarten1897.de\/nl\/?s={search_term_string}"},"query-input":{"@type":"PropertyValueSpecification","valueRequired":true,"valueName":"search_term_string"}}],"inLanguage":"nl-NL"}]}},"_links":{"self":[{"href":"https:\/\/weingarten1897.de\/nl\/wp-json\/wp\/v2\/pages\/169","targetHints":{"allow":["GET"]}}],"collection":[{"href":"https:\/\/weingarten1897.de\/nl\/wp-json\/wp\/v2\/pages"}],"about":[{"href":"https:\/\/weingarten1897.de\/nl\/wp-json\/wp\/v2\/types\/page"}],"author":[{"embeddable":true,"href":"https:\/\/weingarten1897.de\/nl\/wp-json\/wp\/v2\/users\/1"}],"replies":[{"embeddable":true,"href":"https:\/\/weingarten1897.de\/nl\/wp-json\/wp\/v2\/comments?post=169"}],"version-history":[{"count":8,"href":"https:\/\/weingarten1897.de\/nl\/wp-json\/wp\/v2\/pages\/169\/revisions"}],"predecessor-version":[{"id":684,"href":"https:\/\/weingarten1897.de\/nl\/wp-json\/wp\/v2\/pages\/169\/revisions\/684"}],"wp:attachment":[{"href":"https:\/\/weingarten1897.de\/nl\/wp-json\/wp\/v2\/media?parent=169"}],"wp:term":[{"taxonomy":"dipi_cpt_category","embeddable":true,"href":"https:\/\/weingarten1897.de\/nl\/wp-json\/wp\/v2\/dipi_cpt_category?post=169"}],"curies":[{"name":"wp","href":"https:\/\/api.w.org\/{rel}","templated":true}]}}